{"id":3,"date":"2023-04-13T17:38:55","date_gmt":"2023-04-13T17:38:55","guid":{"rendered":"https:\/\/clinicadentalcristinamora.com\/?page_id=3"},"modified":"2025-09-29T09:57:59","modified_gmt":"2025-09-29T09:57:59","slug":"politica-de-privacidad","status":"publish","type":"page","link":"https:\/\/clinicadentalcristinamora.com\/index.php\/politica-de-privacidad\/","title":{"rendered":"Pol\u00edtica de privacidad"},"content":{"rendered":"\t\t<div data-elementor-type=\"wp-page\" data-elementor-id=\"3\" class=\"elementor elementor-3\" data-elementor-post-type=\"page\">\n\t\t\t\t\t\t<section class=\"elementor-section elementor-top-section elementor-element elementor-element-2a7a501b elementor-section-boxed elementor-section-height-default elementor-section-height-default\" data-id=\"2a7a501b\" data-element_type=\"section\" data-e-type=\"section\">\n\t\t\t\t\t\t<div class=\"elementor-container elementor-column-gap-default\">\n\t\t\t\t\t<div class=\"elementor-column elementor-col-100 elementor-top-column elementor-element elementor-element-2db8f130\" data-id=\"2db8f130\" data-element_type=\"column\" data-e-type=\"column\">\n\t\t\t<div class=\"elementor-widget-wrap elementor-element-populated\">\n\t\t\t\t\t\t<div class=\"elementor-element elementor-element-131c50ce elementor-widget elementor-widget-text-editor\" data-id=\"131c50ce\" data-element_type=\"widget\" data-e-type=\"widget\" data-widget_type=\"text-editor.default\">\n\t\t\t\t<div class=\"elementor-widget-container\">\n\t\t\t\t\t\t\t\t\t<h1><span style=\"text-decoration: underline;\"><strong>POL\u00cdTICA DE PRIVACIDAD<\/strong><\/span><\/h1><p>En cumplimiento del Reglamento (UE) 2016\/679 del Parlamento Europeo y del Consejo, de 27 de abril de 2016, relativo a la protecci\u00f3n de las personas f\u00edsicas en lo que respecta al tratamiento de datos personales, por el que se deroga la directiva 95\/46\/CE (en adelante, RGPD), de la Ley 34\/2002, de 11 de julio, de servicios de la sociedad de la informaci\u00f3n y comercio electr\u00f3nico (en adelante, LSSI-CE) y de la Ley Org\u00e1nica 3\/2018, de Protecci\u00f3n de Datos Personales y garant\u00eda de los derechos digitales (en adelante, LOPDGDD), <b>Cl\u00ednica Dental Cristina Mora<\/b>\u00a0garantiza la protecci\u00f3n y confidencialidad de los datos personales, de cualquier tipo que nos proporcionen nuestros clientes, de acuerdo con lo dispuesto en el Reglamento General de Protecci\u00f3n de Datos de Car\u00e1cter Personal.<\/p><p>Los datos facilitados ser\u00e1n tratados en los t\u00e9rminos establecidos en el RGPD, en ese sentido <b>Cl\u00ednica Dental Cristina Mora <\/b>ha adoptado los niveles de protecci\u00f3n que legalmente se exigen, y ha instalado todas las medidas t\u00e9cnicas a su alcance para evitar la p\u00e9rdida, mal uso, alteraci\u00f3n, acceso no autorizado por terceros, expuestos a continuaci\u00f3n. No obstante, el usuario debe ser consciente de que las medidas de seguridad en Internet no son inexpugnables.<\/p><p><strong>Responsable del tratamiento<\/strong><br \/>Denominaci\u00f3n: Cristina Mora Garc\u00eda<br \/>DNI: 27321736-J<\/p><p><span style=\"letter-spacing: 0px;\">Direcci\u00f3n: Av. de Europa, 19, 41960, Gines, Sevilla.<\/span><\/p><p>Tel\u00e9fono:\u00a0 +34 <span class=\"w8qArf\">\u00a0<\/span><span class=\"LrzXr zdqRlf kno-fv\"><span aria-label=\"Llamar al n\u00famero de tel\u00e9fono 954 71 68 03\">954 71 68 03<\/span><\/span><br \/>Correo electr\u00f3nico: clinicamoragarcia@gmail.com<\/p><p><strong>Finalidad del tratamiento<\/strong><br \/>Todos los datos facilitados por nuestros clientes y\/o visitantes en la web de <b>Cl\u00ednica Dental Cristina Mora<\/b> o a su personal, ser\u00e1n incluidos en registro de actividades de tratamiento de datos de car\u00e1cter personal, creado y mantenido bajo la responsabilidad de <b>Cl\u00ednica Dental Cristina Mora<\/b><b>,<\/b>\u00a0imprescindibles para prestar los servicios solicitados por los usuarios, o para resolver las dudas o cuestiones planteadas por nuestros visitantes. Nuestra pol\u00edtica es no elaborar perfiles sobre los usuarios de nuestros servicios.<\/p><p><strong>Legitimidad del tratamiento<\/strong><\/p><ol type=\"a\"><li>Relaci\u00f3n contractual: Es la que aplica cuando compra uno de nuestros productos o contrata alguno de nuestros servicios.<\/li><li>Inter\u00e9s leg\u00edtimo: Para atender a las consultas y reclamaciones que nos plantee y para gestionar el cobro de las cantidades adeudadas.<\/li><li>Su consentimiento: Si es usuario de nuestra web, mediante la marcaci\u00f3n de la casilla que figura en el formulario de contacto, nos autoriza a que le remitamos las comunicaciones necesarias para dar respuesta a la consulta o solicitud de informaci\u00f3n planteada.<\/li><\/ol><p><strong>Destinatarios<\/strong><br \/>No cedemos sus datos personales a nadie, a excepci\u00f3n de aquellas entidades p\u00fablicas o privadas a las cuales estemos obligados a facilitar sus datos personales con motivo del cumplimiento de alguna ley. Por poner un ejemplo, la Ley Tributaria obliga a facilitar a la Agencia Tributaria determinada informaci\u00f3n sobre operaciones econ\u00f3micas que superen una determinada cantidad.<\/p><p>En el caso de que, al margen de los supuestos comentados, necesitemos dar a conocer su informaci\u00f3n personal a otras entidades, le solicitaremos previamente su permiso a trav\u00e9s de opciones claras que le permitir\u00e1n decidir a este respecto.<\/p><p><strong>Comunicaci\u00f3n<\/strong><br \/>No realizaremos transferencias internacionales de sus datos personales para ninguna de las finalidades indicadas.<\/p><p><strong>Conservaci\u00f3n<\/strong><br \/>Solo conservaremos sus datos personales durante el tiempo que resulte necesario para lograr los fines para los que fueron recabados. A la hora de determinar el oportuno periodo de conservaci\u00f3n, examinamos los riesgos que conlleva el tratamiento, as\u00ed como nuestras obligaciones contractuales, legales y normativas, las pol\u00edticas internas de conservaci\u00f3n de datos y nuestros intereses de negocio leg\u00edtimos descritos en el presente Aviso de Privacidad y Pol\u00edtica de Cookies.<\/p><p>En este sentido, <b>Cl\u00ednica Dental Cristina Mora<\/b>\u00a0conservar\u00e1 los datos personales una vez terminada su relaci\u00f3n con Ud., debidamente bloqueados, durante el plazo de prescripci\u00f3n de las acciones que pudieran derivarse de la relaci\u00f3n mantenida con el interesado.<\/p><p>Una vez bloqueados, sus datos resultar\u00e1n inaccesibles para <b>Cl\u00ednica Dental Cristina Mora<\/b>, y no ser\u00e1n tratados excepto para su puesta a disposici\u00f3n a las Administraciones p\u00fablicas, Jueces y Tribunales, para la atenci\u00f3n de las posibles responsabilidades nacidas de los tratamientos, as\u00ed como para el ejercicio y defensa de reclamaciones ante la Agencia Espa\u00f1ola de Protecci\u00f3n de Datos.<\/p><p><strong>Seguridad<\/strong><br \/>Empleamos todos los esfuerzos razonables para mantener la confidencialidad de la informaci\u00f3n personal que se trate en nuestros sistemas. Mantenemos estrictos niveles de seguridad para proteger los datos de car\u00e1cter personal que procesamos frente a p\u00e9rdidas fortuitas y a accesos, tratamientos o revelaciones no autorizados, habida cuenta del estado de la tecnolog\u00eda, la naturaleza y los riesgos a que est\u00e1n expuestos los datos. No obstante, no podemos responsabilizarnos del uso que Ud. haga de los datos (incluido usuario y contrase\u00f1a) que utilice en nuestra web. Nuestro personal sigue estrictas normas de privacidad y en el caso de que contratemos a terceros para prestar servicios de soporte, les exigimos que acaten las mismas normas y nos permitan auditarles para verificar su cumplimiento.<\/p><p><strong>Sus derechos<\/strong><br \/>Le informamos que podr\u00e1 ejercer los siguientes derechos:<\/p><ol type=\"a\"><li>Derecho de acceso a sus datos personales, para saber cu\u00e1les est\u00e1n siendo objeto de tratamiento y las operaciones de tratamiento llevadas a cabo con ellos;<\/li><li>Derecho de rectificaci\u00f3n de cualquier dato personal inexacto;<\/li><li>Derecho de supresi\u00f3n de sus datos personales, cuando esto sea posible (por ejemplo, por imperativo legal);<\/li><li>Derecho de limitaci\u00f3n del tratamiento de sus datos personales cuando la exactitud, la legalidad o la necesidad del tratamiento de los datos resulte dudosa, en cuyo caso, podremos conservarlos para el ejercicio o la defensa de reclamaciones.<\/li><li>Derecho de oposici\u00f3n al tratamiento de sus datos personales, cuando la base legal que nos habilite para su tratamiento de las indicadas sea nuestro inter\u00e9s leg\u00edtimo. <b>Cl\u00ednica Dental Cristina Mora<\/b>\u00a0dejar\u00e1 de tratar tus datos salvo que tenga un inter\u00e9s leg\u00edtimo o sea necesario para la defensa de reclamaciones.<\/li><li>Derecho a la portabilidad de sus datos, cuando la base legal que nos habilite para su tratamiento sea la existencia de una relaci\u00f3n contractual o su consentimiento.<\/li><li>Derecho a revocar el consentimiento otorgado a <b>Cl\u00ednica Dental Cristina Mora.<\/b><\/li><\/ol><p>Para ejercitar sus derechos, puede hacerlo de manera gratuita y en cualquier momento contactando con nosotros en la direcci\u00f3n Av. de Europa, 19, 41960 Gines, Sevilla.<\/p><p><strong>Tutela de derechos<\/strong><br \/>En caso de que entienda que sus derechos han sido desatendidos por nuestra entidad, puede formular una reclamaci\u00f3n en la Agencia Espa\u00f1ola de Protecci\u00f3n de Datos, a trav\u00e9s de alguno de los medios siguientes:<\/p><ul><li>Sede electr\u00f3nica:\u00a0<a href=\"https:\/\/www.aepd.es\/\">https:\/\/www.aepd.es<\/a><\/li><li>Correo postal: Agencia Espa\u00f1ola de Protecci\u00f3n de Datos, C\/ Jorge Juan, 6, 28001, Madrid<\/li><li>Tel\u00e9fono: 901.100.099 y 912.663.517<\/li><\/ul><p>Formular una reclamaci\u00f3n en la Agencia Espa\u00f1ola de Protecci\u00f3n de Datos no conlleva ning\u00fan coste y no es necesaria la asistencia de abogado ni procurador.<\/p><p><strong>Actualizaciones<\/strong><br \/><b>Cl\u00ednica Dental Cristina Mora<\/b> se reserva el derecho a modificar la presente pol\u00edtica para adaptarla a novedades legislativas o jurisprudenciales que puedan afectar el cumplimiento de la misma.<\/p>\t\t\t\t\t\t\t\t<\/div>\n\t\t\t\t<\/div>\n\t\t\t\t\t<\/div>\n\t\t<\/div>\n\t\t\t\t\t<\/div>\n\t\t<\/section>\n\t\t\t\t<\/div>\n\t\t","protected":false},"excerpt":{"rendered":"<p>POL\u00cdTICA DE PRIVACIDAD En cumplimiento del Reglamento (UE) 2016\/679 del Parlamento Europeo y del Consejo, de 27 de abril de 2016, relativo a la protecci\u00f3n de las personas f\u00edsicas en lo que respecta al tratamiento de datos personales, por el que se deroga la directiva 95\/46\/CE (en adelante, RGPD), de la Ley 34\/2002, de 11 &hellip;<\/p>\n","protected":false},"author":1,"featured_media":0,"parent":0,"menu_order":0,"comment_status":"closed","ping_status":"closed","template":"","meta":{"footnotes":""},"class_list":["post-3","page","type-page","status-publish","hentry"],"yoast_head":"<!-- This site is optimized with the Yoast SEO plugin v27.2 - https:\/\/yoast.com\/product\/yoast-seo-wordpress\/ -->\n<title>Cont\u00e1ctanos \u2013 Solicita una Cita\u00a0\u2013 Cl\u00ednica Dental Cristina Mora<\/title>\n<meta name=\"description\" content=\"Consulta nuestra pol\u00edtica de privacidad y descubre c\u00f3mo Cl\u00ednica Dental Cristina\u202fMora protege tus datos personales con transparencia y responsabilidad.\" \/>\n<meta name=\"robots\" content=\"index, follow, max-snippet:-1, max-image-preview:large, max-video-preview:-1\" \/>\n<link rel=\"canonical\" href=\"https:\/\/clinicadentalcristinamora.com\/index.php\/politica-de-privacidad\/\" \/>\n<meta property=\"og:locale\" content=\"es_ES\" \/>\n<meta property=\"og:type\" content=\"article\" \/>\n<meta property=\"og:title\" content=\"Cont\u00e1ctanos \u2013 Solicita una Cita\u00a0\u2013 Cl\u00ednica Dental Cristina Mora\" \/>\n<meta property=\"og:description\" content=\"Consulta nuestra pol\u00edtica de privacidad y descubre c\u00f3mo Cl\u00ednica Dental Cristina\u202fMora protege tus datos personales con transparencia y responsabilidad.\" \/>\n<meta property=\"og:url\" content=\"https:\/\/clinicadentalcristinamora.com\/index.php\/politica-de-privacidad\/\" \/>\n<meta property=\"og:site_name\" content=\"Cl\u00ednica Dental Cristina Mora\" \/>\n<meta property=\"article:modified_time\" content=\"2025-09-29T09:57:59+00:00\" \/>\n<meta name=\"twitter:card\" content=\"summary_large_image\" \/>\n<meta name=\"twitter:label1\" content=\"Tiempo de lectura\" \/>\n\t<meta name=\"twitter:data1\" content=\"6 minutos\" \/>\n<script type=\"application\/ld+json\" class=\"yoast-schema-graph\">{\"@context\":\"https:\/\/schema.org\",\"@graph\":[{\"@type\":\"WebPage\",\"@id\":\"https:\/\/clinicadentalcristinamora.com\/index.php\/politica-de-privacidad\/\",\"url\":\"https:\/\/clinicadentalcristinamora.com\/index.php\/politica-de-privacidad\/\",\"name\":\"Cont\u00e1ctanos \u2013 Solicita una Cita\u00a0\u2013 Cl\u00ednica Dental Cristina Mora\",\"isPartOf\":{\"@id\":\"https:\/\/clinicadentalcristinamora.com\/#website\"},\"datePublished\":\"2023-04-13T17:38:55+00:00\",\"dateModified\":\"2025-09-29T09:57:59+00:00\",\"description\":\"Consulta nuestra pol\u00edtica de privacidad y descubre c\u00f3mo Cl\u00ednica Dental Cristina\u202fMora protege tus datos personales con transparencia y responsabilidad.\",\"breadcrumb\":{\"@id\":\"https:\/\/clinicadentalcristinamora.com\/index.php\/politica-de-privacidad\/#breadcrumb\"},\"inLanguage\":\"es\",\"potentialAction\":[{\"@type\":\"ReadAction\",\"target\":[\"https:\/\/clinicadentalcristinamora.com\/index.php\/politica-de-privacidad\/\"]}]},{\"@type\":\"BreadcrumbList\",\"@id\":\"https:\/\/clinicadentalcristinamora.com\/index.php\/politica-de-privacidad\/#breadcrumb\",\"itemListElement\":[{\"@type\":\"ListItem\",\"position\":1,\"name\":\"Home\",\"item\":\"https:\/\/clinicadentalcristinamora.com\/\"},{\"@type\":\"ListItem\",\"position\":2,\"name\":\"Pol\u00edtica de privacidad\"}]},{\"@type\":\"WebSite\",\"@id\":\"https:\/\/clinicadentalcristinamora.com\/#website\",\"url\":\"https:\/\/clinicadentalcristinamora.com\/\",\"name\":\"Cl\u00ednica Dental Cristina Mora\",\"description\":\"Tu cl&iacute;nica dental en Gines Sevilla\",\"publisher\":{\"@id\":\"https:\/\/clinicadentalcristinamora.com\/#organization\"},\"potentialAction\":[{\"@type\":\"SearchAction\",\"target\":{\"@type\":\"EntryPoint\",\"urlTemplate\":\"https:\/\/clinicadentalcristinamora.com\/?s={search_term_string}\"},\"query-input\":{\"@type\":\"PropertyValueSpecification\",\"valueRequired\":true,\"valueName\":\"search_term_string\"}}],\"inLanguage\":\"es\"},{\"@type\":\"Organization\",\"@id\":\"https:\/\/clinicadentalcristinamora.com\/#organization\",\"name\":\"Cl\u00ednica Dental Cristina Mora\",\"url\":\"https:\/\/clinicadentalcristinamora.com\/\",\"logo\":{\"@type\":\"ImageObject\",\"inLanguage\":\"es\",\"@id\":\"https:\/\/clinicadentalcristinamora.com\/#\/schema\/logo\/image\/\",\"url\":\"https:\/\/clinicadentalcristinamora.com\/wp-content\/uploads\/2023\/04\/Blue-Dental-Clinic-Logo.png\",\"contentUrl\":\"https:\/\/clinicadentalcristinamora.com\/wp-content\/uploads\/2023\/04\/Blue-Dental-Clinic-Logo.png\",\"width\":500,\"height\":500,\"caption\":\"Cl\u00ednica Dental Cristina Mora\"},\"image\":{\"@id\":\"https:\/\/clinicadentalcristinamora.com\/#\/schema\/logo\/image\/\"}}]}<\/script>\n<!-- \/ Yoast SEO plugin. -->","yoast_head_json":{"title":"Cont\u00e1ctanos \u2013 Solicita una Cita\u00a0\u2013 Cl\u00ednica Dental Cristina Mora","description":"Consulta nuestra pol\u00edtica de privacidad y descubre c\u00f3mo Cl\u00ednica Dental Cristina\u202fMora protege tus datos personales con transparencia y responsabilidad.","robots":{"index":"index","follow":"follow","max-snippet":"max-snippet:-1","max-image-preview":"max-image-preview:large","max-video-preview":"max-video-preview:-1"},"canonical":"https:\/\/clinicadentalcristinamora.com\/index.php\/politica-de-privacidad\/","og_locale":"es_ES","og_type":"article","og_title":"Cont\u00e1ctanos \u2013 Solicita una Cita\u00a0\u2013 Cl\u00ednica Dental Cristina Mora","og_description":"Consulta nuestra pol\u00edtica de privacidad y descubre c\u00f3mo Cl\u00ednica Dental Cristina\u202fMora protege tus datos personales con transparencia y responsabilidad.","og_url":"https:\/\/clinicadentalcristinamora.com\/index.php\/politica-de-privacidad\/","og_site_name":"Cl\u00ednica Dental Cristina Mora","article_modified_time":"2025-09-29T09:57:59+00:00","twitter_card":"summary_large_image","twitter_misc":{"Tiempo de lectura":"6 minutos"},"schema":{"@context":"https:\/\/schema.org","@graph":[{"@type":"WebPage","@id":"https:\/\/clinicadentalcristinamora.com\/index.php\/politica-de-privacidad\/","url":"https:\/\/clinicadentalcristinamora.com\/index.php\/politica-de-privacidad\/","name":"Cont\u00e1ctanos \u2013 Solicita una Cita\u00a0\u2013 Cl\u00ednica Dental Cristina Mora","isPartOf":{"@id":"https:\/\/clinicadentalcristinamora.com\/#website"},"datePublished":"2023-04-13T17:38:55+00:00","dateModified":"2025-09-29T09:57:59+00:00","description":"Consulta nuestra pol\u00edtica de privacidad y descubre c\u00f3mo Cl\u00ednica Dental Cristina\u202fMora protege tus datos personales con transparencia y responsabilidad.","breadcrumb":{"@id":"https:\/\/clinicadentalcristinamora.com\/index.php\/politica-de-privacidad\/#breadcrumb"},"inLanguage":"es","potentialAction":[{"@type":"ReadAction","target":["https:\/\/clinicadentalcristinamora.com\/index.php\/politica-de-privacidad\/"]}]},{"@type":"BreadcrumbList","@id":"https:\/\/clinicadentalcristinamora.com\/index.php\/politica-de-privacidad\/#breadcrumb","itemListElement":[{"@type":"ListItem","position":1,"name":"Home","item":"https:\/\/clinicadentalcristinamora.com\/"},{"@type":"ListItem","position":2,"name":"Pol\u00edtica de privacidad"}]},{"@type":"WebSite","@id":"https:\/\/clinicadentalcristinamora.com\/#website","url":"https:\/\/clinicadentalcristinamora.com\/","name":"Cl\u00ednica Dental Cristina Mora","description":"Tu cl&iacute;nica dental en Gines Sevilla","publisher":{"@id":"https:\/\/clinicadentalcristinamora.com\/#organization"},"potentialAction":[{"@type":"SearchAction","target":{"@type":"EntryPoint","urlTemplate":"https:\/\/clinicadentalcristinamora.com\/?s={search_term_string}"},"query-input":{"@type":"PropertyValueSpecification","valueRequired":true,"valueName":"search_term_string"}}],"inLanguage":"es"},{"@type":"Organization","@id":"https:\/\/clinicadentalcristinamora.com\/#organization","name":"Cl\u00ednica Dental Cristina Mora","url":"https:\/\/clinicadentalcristinamora.com\/","logo":{"@type":"ImageObject","inLanguage":"es","@id":"https:\/\/clinicadentalcristinamora.com\/#\/schema\/logo\/image\/","url":"https:\/\/clinicadentalcristinamora.com\/wp-content\/uploads\/2023\/04\/Blue-Dental-Clinic-Logo.png","contentUrl":"https:\/\/clinicadentalcristinamora.com\/wp-content\/uploads\/2023\/04\/Blue-Dental-Clinic-Logo.png","width":500,"height":500,"caption":"Cl\u00ednica Dental Cristina Mora"},"image":{"@id":"https:\/\/clinicadentalcristinamora.com\/#\/schema\/logo\/image\/"}}]}},"_links":{"self":[{"href":"https:\/\/clinicadentalcristinamora.com\/index.php\/wp-json\/wp\/v2\/pages\/3","targetHints":{"allow":["GET"]}}],"collection":[{"href":"https:\/\/clinicadentalcristinamora.com\/index.php\/wp-json\/wp\/v2\/pages"}],"about":[{"href":"https:\/\/clinicadentalcristinamora.com\/index.php\/wp-json\/wp\/v2\/types\/page"}],"author":[{"embeddable":true,"href":"https:\/\/clinicadentalcristinamora.com\/index.php\/wp-json\/wp\/v2\/users\/1"}],"replies":[{"embeddable":true,"href":"https:\/\/clinicadentalcristinamora.com\/index.php\/wp-json\/wp\/v2\/comments?post=3"}],"version-history":[{"count":3,"href":"https:\/\/clinicadentalcristinamora.com\/index.php\/wp-json\/wp\/v2\/pages\/3\/revisions"}],"predecessor-version":[{"id":1395,"href":"https:\/\/clinicadentalcristinamora.com\/index.php\/wp-json\/wp\/v2\/pages\/3\/revisions\/1395"}],"wp:attachment":[{"href":"https:\/\/clinicadentalcristinamora.com\/index.php\/wp-json\/wp\/v2\/media?parent=3"}],"curies":[{"name":"wp","href":"https:\/\/api.w.org\/{rel}","templated":true}]}}