{"id":1262,"date":"2023-08-22T15:02:08","date_gmt":"2023-08-22T15:02:08","guid":{"rendered":"https:\/\/clinicadentalcristinamora.com\/?page_id=1262"},"modified":"2025-10-02T09:01:03","modified_gmt":"2025-10-02T09:01:03","slug":"aviso-legal","status":"publish","type":"page","link":"https:\/\/clinicadentalcristinamora.com\/index.php\/aviso-legal\/","title":{"rendered":"Aviso Legal"},"content":{"rendered":"\t\t<div data-elementor-type=\"wp-page\" data-elementor-id=\"1262\" class=\"elementor elementor-1262\" data-elementor-post-type=\"page\">\n\t\t\t\t<div class=\"elementor-element elementor-element-2b7db13 e-flex e-con-boxed e-con e-parent\" data-id=\"2b7db13\" data-element_type=\"container\" data-e-type=\"container\">\n\t\t\t\t\t<div class=\"e-con-inner\">\n\t\t\t\t<div class=\"elementor-element elementor-element-4edf208 elementor-widget__width-initial elementor-widget elementor-widget-heading\" data-id=\"4edf208\" data-element_type=\"widget\" data-e-type=\"widget\" data-widget_type=\"heading.default\">\n\t\t\t\t<div class=\"elementor-widget-container\">\n\t\t\t\t\t<h1 class=\"elementor-heading-title elementor-size-default\">Aviso Legal<\/h1>\t\t\t\t<\/div>\n\t\t\t\t<\/div>\n\t\t\t\t\t<\/div>\n\t\t\t\t<\/div>\n\t\t\t\t<section class=\"elementor-section elementor-top-section elementor-element elementor-element-2a7a501b elementor-section-boxed elementor-section-height-default elementor-section-height-default\" data-id=\"2a7a501b\" data-element_type=\"section\" data-e-type=\"section\">\n\t\t\t\t\t\t<div class=\"elementor-container elementor-column-gap-default\">\n\t\t\t\t\t<div class=\"elementor-column elementor-col-100 elementor-top-column elementor-element elementor-element-2db8f130\" data-id=\"2db8f130\" data-element_type=\"column\" data-e-type=\"column\">\n\t\t\t<div class=\"elementor-widget-wrap elementor-element-populated\">\n\t\t\t\t\t\t<div class=\"elementor-element elementor-element-131c50ce elementor-widget elementor-widget-text-editor\" data-id=\"131c50ce\" data-element_type=\"widget\" data-e-type=\"widget\" data-widget_type=\"text-editor.default\">\n\t\t\t\t<div class=\"elementor-widget-container\">\n\t\t\t\t\t\t\t\t\t<p><span style=\"text-decoration: underline;\"><strong>AVISO LEGAL Y CONDICIONES\u00a0GENERALES DE USO<\/strong><\/span><\/p><p>www.clinicadentalcristinamora.com<\/p><p>I. <strong>INFORMACI\u00d3N GENERAL<\/strong><br \/>En cumplimiento con el deber de informaci\u00f3n dispuesto en la Ley 34\/2002 de Servicios de la Sociedad de<br \/>la Informaci\u00f3n y el Comercio Electr\u00f3nico (LSSI-CE) de 11 de julio, se facilitan a continuaci\u00f3n los siguientes<br \/>datos de informaci\u00f3n general de este sitio web:<br \/>La titularidad de este sitio web, www.clinicadentalcristinamora.com, (en adelante, Sitio Web) la ostenta:<br \/>Cristina Mora Garc\u00eda, con NIF: 27321736-J, y cuyos datos de contacto son:<br \/>Direcci\u00f3n: Av. de Europa, 19, 41960 Gines, Sevilla<br \/>Tel\u00e9fono de contacto: 954 71 68 03<br \/>Email de contacto: clinicamoragarcia@gmail.com<\/p><p><strong>II. T\u00c9RMINOS Y CONDICIONES GENERALES DE USO<\/strong><br \/>El objeto de las condiciones: El Sitio Web<br \/>El objeto de las presentes Condiciones Generales de Uso (en adelante, Condiciones) es regular el acceso y<br \/>la utilizaci\u00f3n del Sitio Web. A los efectos de las presentes Condiciones se entender\u00e1 como Sitio Web: la<br \/>apariencia externa de los interfaces de pantalla, tanto de forma est\u00e1tica como de forma din\u00e1mica, es<br \/>decir, el \u00e1rbol de navegaci\u00f3n; y todos los elementos integrados tanto en los interfaces de pantalla como en<br \/>el \u00e1rbol de navegaci\u00f3n (en adelante, Contenidos) y todos aquellos servicios o recursos en l\u00ednea que en su<br \/>caso ofrezca a los Usuarios (en adelante, Servicios).<br \/>Cl\u00ednia Dental Cristina Mora se reserva la facultad de modificar, en cualquier momento, y sin aviso previo, la<br \/>presentaci\u00f3n y configuraci\u00f3n del Sitio Web y de los Contenidos y Servicios que en \u00e9l pudieran estar<br \/>incorporados. El Usuario reconoce y acepta que en cualquier momento Cl\u00ednia Dental Cristina Mora pueda<br \/>interrumpir, desactivar y\/o cancelar cualquiera de estos elementos que se integran en el Sitio Web o el<br \/>acceso a los mismos.<br \/>El acceso al Sitio Web por el Usuario tiene car\u00e1cter libre y, por regla general, es gratuito sin que el Usuario<br \/>tenga que proporcionar una contraprestaci\u00f3n para poder disfrutar de ello, salvo en lo relativo al coste de<br \/>conexi\u00f3n a trav\u00e9s de la red de telecomunicaciones suministrada por el proveedor de acceso que hubiere<br \/>contratado el Usuario.<br \/>La utilizaci\u00f3n de alguno de los Contenidos o Servicios del Sitio Web podr\u00e1 hacerse mediante la suscripci\u00f3n<br \/>o registro previo del Usuario.<br \/>El Usuario<br \/>El acceso, la navegaci\u00f3n y uso del Sitio Web, as\u00ed como por los espacios habilitados para interactuar entre<br \/>los Usuarios, y el Usuario y Cl\u00ednia Dental Cristina Mora, como los comentarios y\/o espacios de blogging,<br \/>confiere la condici\u00f3n de Usuario, por lo que se aceptan, desde que se inicia la navegaci\u00f3n por el Sitio Web,<br \/>todas las Condiciones aqu\u00ed establecidas, as\u00ed como sus ulteriores modificaciones, sin perjuicio de la<br \/>aplicaci\u00f3n de la correspondiente normativa legal de obligado cumplimiento seg\u00fan el caso. Dada la<br \/>relevancia de lo anterior, se recomienda al Usuario leerlas cada vez que visite el Sitio Web.<br \/>El Sitio Web de Cl\u00ednia Dental Cristina Mora proporciona gran diversidad de informaci\u00f3n, servicios y datos.<br \/>El Usuario asume su responsabilidad para realizar un uso correcto del Sitio Web. Esta responsabilidad se<br \/>extender\u00e1 a:<br \/>Un uso de la informaci\u00f3n, Contenidos y\/o Servicios y datos ofrecidos por Cl\u00ednia Dental Cristina Mora<br \/>sin que sea contrario a lo dispuesto por las presentes Condiciones, la Ley, la moral o el orden<br \/>p\u00fablico, o que de cualquier otro modo puedan suponer lesi\u00f3n de los derechos de terceros o del<br \/>mismo funcionamiento del Sitio Web.<br \/>La veracidad y licitud de las informaciones aportadas por el Usuario en los formularios extendidos<br \/>por Cl\u00ednia Dental Cristina Mora para el acceso a ciertos Contenidos o Servicios ofrecidos por el Sitio<br \/>Web. En todo caso, el Usuario notificar\u00e1 de forma inmediata a Cl\u00ednia Dental Cristina Mora acerca de<br \/>cualquier hecho que permita el uso indebido de la informaci\u00f3n registrada en dichos formularios,<br \/>tales como, pero no solo, el robo, extrav\u00edo, o el acceso no autorizado a identificadores y\/o<br \/>contrase\u00f1as, con el fin de proceder a su inmediata cancelaci\u00f3n.<br \/>Cl\u00ednia Dental Cristina Mora se reserva el derecho de retirar todos aquellos comentarios y aportaciones que<br \/>vulneren la ley, el respeto a la dignidad de la persona, que sean discriminatorios, xen\u00f3fobos, racistas,<br \/>pornogr\u00e1ficos, spamming, que atenten contra la juventud o la infancia, el orden o la seguridad p\u00fablica o<br \/>que, a su juicio, no resultaran adecuados para su publicaci\u00f3n.<br \/>En cualquier caso, Cl\u00ednia Dental Cristina Mora no ser\u00e1 responsable de las opiniones vertidas por los<br \/>Usuarios a trav\u00e9s de comentarios u otras herramientas de blogging o de participaci\u00f3n que pueda haber.<br \/>El mero acceso a este Sitio Web no supone entablar ning\u00fan tipo de relaci\u00f3n de car\u00e1cter comercial entre<br \/>Cl\u00ednia Dental Cristina Mora y el Usuario.<br \/>El Usuario declara ser mayor de edad y disponer de la capacidad jur\u00eddica suficiente para vincularse por las<br \/>presentes Condiciones. Por lo tanto, este Sitio Web de Cl\u00ednia Dental Cristina Mora no se dirige a menores<br \/>de edad. Cl\u00ednia Dental Cristina Mora declina cualquier responsabilidad por el incumplimiento de este<br \/>requisito.<br \/>El Sitio Web est\u00e1 dirigido principalmente a Usuarios residentes en Espa\u00f1a. Cl\u00ednia Dental Cristina Mora no<br \/>asegura que el Sitio Web cumpla con legislaciones de otros pa\u00edses, ya sea total o parcialmente. Si el<br \/>Usuario reside o tiene su domiciliado en otro lugar y decide acceder y\/o navegar en el Sitio Web lo har\u00e1<br \/>bajo su propia responsabilidad, deber\u00e1 asegurarse de que tal acceso y navegaci\u00f3n cumple con la<br \/>legislaci\u00f3n local que le es aplicable, no asumiendo Cl\u00ednia Dental Cristina Mora responsabilidad alguna que<br \/>se pueda derivar de dicho acceso.<\/p><p><strong>III. ACCESO Y NAVEGACI\u00d3N EN EL SITIO WEB:\u00a0<\/strong><strong>EXCLUSI\u00d3N DE GARANT\u00cdAS Y RESPONSABILIDAD<\/strong><br \/>Cl\u00ednia Dental Cristina Mora no garantiza la continuidad, disponibilidad y utilidad del Sitio Web, ni de los<br \/>Contenidos o Servicios. Cl\u00ednia Dental Cristina Mora har\u00e1 todo lo posible por el buen funcionamiento del<br \/>Sitio Web, sin embargo, no se responsabiliza ni garantiza que el acceso a este Sitio Web no vaya a ser<br \/>ininterrumpido o que est\u00e9 libre de error.<br \/>Tampoco se responsabiliza o garantiza que el contenido o software al que pueda accederse a trav\u00e9s de<br \/>este Sitio Web, est\u00e9 libre de error o cause un da\u00f1o al sistema inform\u00e1tico (software y hardware) del<br \/>Usuario. En ning\u00fan caso Cl\u00ednia Dental Cristina Mora ser\u00e1 responsable por las p\u00e9rdidas, da\u00f1os o perjuicios<br \/>de cualquier tipo que surjan por el acceso, navegaci\u00f3n y el uso del Sitio Web, incluy\u00e9ndose, pero no<br \/>limit\u00e1ndose, a los ocasionados a los sistemas inform\u00e1ticos o los provocados por la introducci\u00f3n de virus.<br \/>Cl\u00ednia Dental Cristina Mora tampoco se hace responsable de los da\u00f1os que pudiesen ocasionarse a los<br \/>usuarios por un uso inadecuado de este Sitio Web. En particular, no se hace responsable en modo alguno<br \/>de las ca\u00eddas, interrupciones, falta o defecto de las telecomunicaciones que pudieran ocurrir.<\/p><p><strong>IV. POL\u00cdTICA DE ENLACES<\/strong><br \/>El Usuario o tercero que realice un hiperv\u00ednculo desde una p\u00e1gina web de otro, distinto, sitio web al Sitio<br \/>Web de Cl\u00ednia Dental Cristina Mora deber\u00e1 saber que:<br \/>No se permite la reproducci\u00f3n \u2014total o parcialmente\u2014 de ninguno de los Contenidos y\/o Servicios del Sitio<br \/>Web sin autorizaci\u00f3n expresa de Cl\u00ednia Dental Cristina Mora.<br \/>No se permite tampoco ninguna manifestaci\u00f3n falsa, inexacta o incorrecta sobre el Sitio Web de Cl\u00ednia<br \/>Dental Cristina Mora, ni sobre los Contenidos y\/o Servicios del mismo.<br \/>A excepci\u00f3n del hiperv\u00ednculo, el sitio web en el que se establezca dicho hiperenlace no contendr\u00e1 ning\u00fan<br \/>elemento, de este Sitio Web, protegido como propiedad intelectual por el ordenamiento jur\u00eddico espa\u00f1ol,<br \/>salvo autorizaci\u00f3n expresa de Cl\u00ednia Dental Cristina Mora.<br \/>El establecimiento del hiperv\u00ednculo no implicar\u00e1 la existencia de relaciones entre Cl\u00ednia Dental Cristina<br \/>Mora y el titular del sitio web desde el cual se realice, ni el conocimiento y aceptaci\u00f3n de Cl\u00ednia Dental<br \/>Cristina Mora de los contenidos, servicios y\/o actividades ofrecidas en dicho sitio web, y viceversa.<\/p><p><strong>V. PROPIEDAD INTELECTUAL E INDUSTRIAL<\/strong><br \/>Cl\u00ednia Dental Cristina Mora por s\u00ed o como parte cesionaria, es titular de todos los derechos de propiedad<br \/>intelectual e industrial del Sitio Web, as\u00ed como de los elementos contenidos en el mismo (a t\u00edtulo<br \/>enunciativo y no exhaustivo, im\u00e1genes, sonido, audio, v\u00eddeo, software o textos, marcas o logotipos,<br \/>combinaciones de colores, estructura y dise\u00f1o, selecci\u00f3n de materiales usados, programas de ordenador<br \/>necesarios para su funcionamiento, acceso y uso, etc.). Ser\u00e1n, por consiguiente, obras protegidas como<br \/>propiedad intelectual por el ordenamiento jur\u00eddico espa\u00f1ol, si\u00e9ndoles aplicables tanto la normativa<br \/>espa\u00f1ola y comunitaria en este campo, como los tratados internacionales relativos a la materia y suscritos<br \/>por Espa\u00f1a.<br \/>Todos los derechos reservados. En virtud de lo dispuesto en la Ley de Propiedad Intelectual, quedan<br \/>expresamente prohibidas la reproducci\u00f3n, la distribuci\u00f3n y la comunicaci\u00f3n p\u00fablica, incluida su modalidad<br \/>de puesta a disposici\u00f3n, de la totalidad o parte de los contenidos de esta p\u00e1gina web, con fines<br \/>comerciales, en cualquier soporte y por cualquier medio t\u00e9cnico, sin la autorizaci\u00f3n de Cl\u00ednia Dental<br \/>Cristina Mora.<br \/>El Usuario se compromete a respetar los derechos de propiedad intelectual e industrial de Cl\u00ednia Dental<br \/>Cristina Mora. Podr\u00e1 visualizar los elementos del Sitio Web o incluso imprimirlos, copiarlos y almacenarlos<br \/>en el disco duro de su ordenador o en cualquier otro soporte f\u00edsico siempre y cuando sea, exclusivamente,<br \/>para su uso personal. El Usuario, sin embargo, no podr\u00e1 suprimir, alterar, o manipular cualquier dispositivo<br \/>de protecci\u00f3n o sistema de seguridad que estuviera instalado en el Sitio Web.<br \/>En caso de que el Usuario o tercero considere que cualquiera de los Contenidos del Sitio Web suponga una<br \/>violaci\u00f3n de los derechos de protecci\u00f3n de la propiedad intelectual, deber\u00e1 comunicarlo inmediatamente a<br \/>Cl\u00ednia Dental Cristina Mora a trav\u00e9s de los datos de contacto del apartado de INFORMACI\u00d3N GENERAL de<br \/>este Aviso Legal y Condiciones Generales de Uso.<\/p><p><strong>VI. ACCIONES LEGALES, LEGISLACI\u00d3N APLICABLE Y<\/strong><br \/><strong>JURISDICCI\u00d3N<\/strong><br \/>Cl\u00ednia Dental Cristina Mora se reserva la facultad de presentar las acciones civiles o penales que considere<br \/>necesarias por la utilizaci\u00f3n indebida del Sitio Web y Contenidos, o por el incumplimiento de las presentes<br \/>Condiciones.<br \/>La relaci\u00f3n entre el Usuario y Cl\u00ednia Dental Cristina Mora se regir\u00e1 por la normativa vigente y de aplicaci\u00f3n<br \/>en el territorio espa\u00f1ol. De surgir cualquier controversia en relaci\u00f3n con la interpretaci\u00f3n y\/o a la<br \/>aplicaci\u00f3n de estas Condiciones las partes someter\u00e1n sus conflictos a la jurisdicci\u00f3n ordinaria<br \/>someti\u00e9ndose a los jueces y tribunales que correspondan conforme a derecho.<br \/>Este documento de Aviso Legal y Condiciones Generales de uso del sitio web ha sido creado mediante el<br \/>generador de plantilla de aviso legal y condiciones de uso online el d\u00eda 22\/08\/2023<\/p>\t\t\t\t\t\t\t\t<\/div>\n\t\t\t\t<\/div>\n\t\t\t\t\t<\/div>\n\t\t<\/div>\n\t\t\t\t\t<\/div>\n\t\t<\/section>\n\t\t\t\t<\/div>\n\t\t","protected":false},"excerpt":{"rendered":"<p>Aviso Legal AVISO LEGAL Y CONDICIONES\u00a0GENERALES DE USO www.clinicadentalcristinamora.com I. INFORMACI\u00d3N GENERALEn cumplimiento con el deber de informaci\u00f3n dispuesto en la Ley 34\/2002 de Servicios de la Sociedad dela Informaci\u00f3n y el Comercio Electr\u00f3nico (LSSI-CE) de 11 de julio, se facilitan a continuaci\u00f3n los siguientesdatos de informaci\u00f3n general de este sitio web:La titularidad de este &hellip;<\/p>\n","protected":false},"author":1,"featured_media":0,"parent":0,"menu_order":0,"comment_status":"closed","ping_status":"closed","template":"","meta":{"footnotes":""},"class_list":["post-1262","page","type-page","status-publish","hentry"],"yoast_head":"<!-- This site is optimized with the Yoast SEO plugin v27.4 - https:\/\/yoast.com\/product\/yoast-seo-wordpress\/ -->\n<title>Aviso Legal \u2013 T\u00e9rminos y Condiciones\u00a0\u2013 Cl\u00ednica Dental Cristina Mora<\/title>\n<meta name=\"description\" content=\"Consulta el aviso legal de Cl\u00ednica Dental Cristina Mora\u2014t\u00e9rminos de uso, responsabilidades legales, normas de privacidad y derechos del usuario del sitio.\" \/>\n<meta name=\"robots\" content=\"index, follow, max-snippet:-1, max-image-preview:large, max-video-preview:-1\" \/>\n<link rel=\"canonical\" href=\"https:\/\/clinicadentalcristinamora.com\/index.php\/aviso-legal\/\" \/>\n<meta property=\"og:locale\" content=\"es_ES\" \/>\n<meta property=\"og:type\" content=\"article\" \/>\n<meta property=\"og:title\" content=\"Aviso Legal \u2013 T\u00e9rminos y Condiciones\u00a0\u2013 Cl\u00ednica Dental Cristina Mora\" \/>\n<meta property=\"og:description\" content=\"Consulta el aviso legal de Cl\u00ednica Dental Cristina Mora\u2014t\u00e9rminos de uso, responsabilidades legales, normas de privacidad y derechos del usuario del sitio.\" \/>\n<meta property=\"og:url\" content=\"https:\/\/clinicadentalcristinamora.com\/index.php\/aviso-legal\/\" \/>\n<meta property=\"og:site_name\" content=\"Cl\u00ednica Dental Cristina Mora\" \/>\n<meta property=\"article:modified_time\" content=\"2025-10-02T09:01:03+00:00\" \/>\n<meta name=\"twitter:card\" content=\"summary_large_image\" \/>\n<meta name=\"twitter:label1\" content=\"Tiempo de lectura\" \/>\n\t<meta name=\"twitter:data1\" content=\"8 minutos\" \/>\n<script type=\"application\/ld+json\" class=\"yoast-schema-graph\">{\"@context\":\"https:\\\/\\\/schema.org\",\"@graph\":[{\"@type\":\"WebPage\",\"@id\":\"https:\\\/\\\/clinicadentalcristinamora.com\\\/index.php\\\/aviso-legal\\\/\",\"url\":\"https:\\\/\\\/clinicadentalcristinamora.com\\\/index.php\\\/aviso-legal\\\/\",\"name\":\"Aviso Legal \u2013 T\u00e9rminos y Condiciones\u00a0\u2013 Cl\u00ednica Dental Cristina Mora\",\"isPartOf\":{\"@id\":\"https:\\\/\\\/clinicadentalcristinamora.com\\\/#website\"},\"datePublished\":\"2023-08-22T15:02:08+00:00\",\"dateModified\":\"2025-10-02T09:01:03+00:00\",\"description\":\"Consulta el aviso legal de Cl\u00ednica Dental Cristina Mora\u2014t\u00e9rminos de uso, responsabilidades legales, normas de privacidad y derechos del usuario del sitio.\",\"breadcrumb\":{\"@id\":\"https:\\\/\\\/clinicadentalcristinamora.com\\\/index.php\\\/aviso-legal\\\/#breadcrumb\"},\"inLanguage\":\"es\",\"potentialAction\":[{\"@type\":\"ReadAction\",\"target\":[\"https:\\\/\\\/clinicadentalcristinamora.com\\\/index.php\\\/aviso-legal\\\/\"]}]},{\"@type\":\"BreadcrumbList\",\"@id\":\"https:\\\/\\\/clinicadentalcristinamora.com\\\/index.php\\\/aviso-legal\\\/#breadcrumb\",\"itemListElement\":[{\"@type\":\"ListItem\",\"position\":1,\"name\":\"Home\",\"item\":\"https:\\\/\\\/clinicadentalcristinamora.com\\\/\"},{\"@type\":\"ListItem\",\"position\":2,\"name\":\"Aviso Legal\"}]},{\"@type\":\"WebSite\",\"@id\":\"https:\\\/\\\/clinicadentalcristinamora.com\\\/#website\",\"url\":\"https:\\\/\\\/clinicadentalcristinamora.com\\\/\",\"name\":\"Cl\u00ednica Dental Cristina Mora\",\"description\":\"Tu cl&iacute;nica dental en Gines Sevilla\",\"publisher\":{\"@id\":\"https:\\\/\\\/clinicadentalcristinamora.com\\\/#organization\"},\"potentialAction\":[{\"@type\":\"SearchAction\",\"target\":{\"@type\":\"EntryPoint\",\"urlTemplate\":\"https:\\\/\\\/clinicadentalcristinamora.com\\\/?s={search_term_string}\"},\"query-input\":{\"@type\":\"PropertyValueSpecification\",\"valueRequired\":true,\"valueName\":\"search_term_string\"}}],\"inLanguage\":\"es\"},{\"@type\":\"Organization\",\"@id\":\"https:\\\/\\\/clinicadentalcristinamora.com\\\/#organization\",\"name\":\"Cl\u00ednica Dental Cristina Mora\",\"url\":\"https:\\\/\\\/clinicadentalcristinamora.com\\\/\",\"logo\":{\"@type\":\"ImageObject\",\"inLanguage\":\"es\",\"@id\":\"https:\\\/\\\/clinicadentalcristinamora.com\\\/#\\\/schema\\\/logo\\\/image\\\/\",\"url\":\"https:\\\/\\\/clinicadentalcristinamora.com\\\/wp-content\\\/uploads\\\/2023\\\/04\\\/Blue-Dental-Clinic-Logo.png\",\"contentUrl\":\"https:\\\/\\\/clinicadentalcristinamora.com\\\/wp-content\\\/uploads\\\/2023\\\/04\\\/Blue-Dental-Clinic-Logo.png\",\"width\":500,\"height\":500,\"caption\":\"Cl\u00ednica Dental Cristina Mora\"},\"image\":{\"@id\":\"https:\\\/\\\/clinicadentalcristinamora.com\\\/#\\\/schema\\\/logo\\\/image\\\/\"}}]}<\/script>\n<!-- \/ Yoast SEO plugin. -->","yoast_head_json":{"title":"Aviso Legal \u2013 T\u00e9rminos y Condiciones\u00a0\u2013 Cl\u00ednica Dental Cristina Mora","description":"Consulta el aviso legal de Cl\u00ednica Dental Cristina Mora\u2014t\u00e9rminos de uso, responsabilidades legales, normas de privacidad y derechos del usuario del sitio.","robots":{"index":"index","follow":"follow","max-snippet":"max-snippet:-1","max-image-preview":"max-image-preview:large","max-video-preview":"max-video-preview:-1"},"canonical":"https:\/\/clinicadentalcristinamora.com\/index.php\/aviso-legal\/","og_locale":"es_ES","og_type":"article","og_title":"Aviso Legal \u2013 T\u00e9rminos y Condiciones\u00a0\u2013 Cl\u00ednica Dental Cristina Mora","og_description":"Consulta el aviso legal de Cl\u00ednica Dental Cristina Mora\u2014t\u00e9rminos de uso, responsabilidades legales, normas de privacidad y derechos del usuario del sitio.","og_url":"https:\/\/clinicadentalcristinamora.com\/index.php\/aviso-legal\/","og_site_name":"Cl\u00ednica Dental Cristina Mora","article_modified_time":"2025-10-02T09:01:03+00:00","twitter_card":"summary_large_image","twitter_misc":{"Tiempo de lectura":"8 minutos"},"schema":{"@context":"https:\/\/schema.org","@graph":[{"@type":"WebPage","@id":"https:\/\/clinicadentalcristinamora.com\/index.php\/aviso-legal\/","url":"https:\/\/clinicadentalcristinamora.com\/index.php\/aviso-legal\/","name":"Aviso Legal \u2013 T\u00e9rminos y Condiciones\u00a0\u2013 Cl\u00ednica Dental Cristina Mora","isPartOf":{"@id":"https:\/\/clinicadentalcristinamora.com\/#website"},"datePublished":"2023-08-22T15:02:08+00:00","dateModified":"2025-10-02T09:01:03+00:00","description":"Consulta el aviso legal de Cl\u00ednica Dental Cristina Mora\u2014t\u00e9rminos de uso, responsabilidades legales, normas de privacidad y derechos del usuario del sitio.","breadcrumb":{"@id":"https:\/\/clinicadentalcristinamora.com\/index.php\/aviso-legal\/#breadcrumb"},"inLanguage":"es","potentialAction":[{"@type":"ReadAction","target":["https:\/\/clinicadentalcristinamora.com\/index.php\/aviso-legal\/"]}]},{"@type":"BreadcrumbList","@id":"https:\/\/clinicadentalcristinamora.com\/index.php\/aviso-legal\/#breadcrumb","itemListElement":[{"@type":"ListItem","position":1,"name":"Home","item":"https:\/\/clinicadentalcristinamora.com\/"},{"@type":"ListItem","position":2,"name":"Aviso Legal"}]},{"@type":"WebSite","@id":"https:\/\/clinicadentalcristinamora.com\/#website","url":"https:\/\/clinicadentalcristinamora.com\/","name":"Cl\u00ednica Dental Cristina Mora","description":"Tu cl&iacute;nica dental en Gines Sevilla","publisher":{"@id":"https:\/\/clinicadentalcristinamora.com\/#organization"},"potentialAction":[{"@type":"SearchAction","target":{"@type":"EntryPoint","urlTemplate":"https:\/\/clinicadentalcristinamora.com\/?s={search_term_string}"},"query-input":{"@type":"PropertyValueSpecification","valueRequired":true,"valueName":"search_term_string"}}],"inLanguage":"es"},{"@type":"Organization","@id":"https:\/\/clinicadentalcristinamora.com\/#organization","name":"Cl\u00ednica Dental Cristina Mora","url":"https:\/\/clinicadentalcristinamora.com\/","logo":{"@type":"ImageObject","inLanguage":"es","@id":"https:\/\/clinicadentalcristinamora.com\/#\/schema\/logo\/image\/","url":"https:\/\/clinicadentalcristinamora.com\/wp-content\/uploads\/2023\/04\/Blue-Dental-Clinic-Logo.png","contentUrl":"https:\/\/clinicadentalcristinamora.com\/wp-content\/uploads\/2023\/04\/Blue-Dental-Clinic-Logo.png","width":500,"height":500,"caption":"Cl\u00ednica Dental Cristina Mora"},"image":{"@id":"https:\/\/clinicadentalcristinamora.com\/#\/schema\/logo\/image\/"}}]}},"_links":{"self":[{"href":"https:\/\/clinicadentalcristinamora.com\/index.php\/wp-json\/wp\/v2\/pages\/1262","targetHints":{"allow":["GET"]}}],"collection":[{"href":"https:\/\/clinicadentalcristinamora.com\/index.php\/wp-json\/wp\/v2\/pages"}],"about":[{"href":"https:\/\/clinicadentalcristinamora.com\/index.php\/wp-json\/wp\/v2\/types\/page"}],"author":[{"embeddable":true,"href":"https:\/\/clinicadentalcristinamora.com\/index.php\/wp-json\/wp\/v2\/users\/1"}],"replies":[{"embeddable":true,"href":"https:\/\/clinicadentalcristinamora.com\/index.php\/wp-json\/wp\/v2\/comments?post=1262"}],"version-history":[{"count":3,"href":"https:\/\/clinicadentalcristinamora.com\/index.php\/wp-json\/wp\/v2\/pages\/1262\/revisions"}],"predecessor-version":[{"id":1411,"href":"https:\/\/clinicadentalcristinamora.com\/index.php\/wp-json\/wp\/v2\/pages\/1262\/revisions\/1411"}],"wp:attachment":[{"href":"https:\/\/clinicadentalcristinamora.com\/index.php\/wp-json\/wp\/v2\/media?parent=1262"}],"curies":[{"name":"wp","href":"https:\/\/api.w.org\/{rel}","templated":true}]}}